{"id":171,"date":"2026-02-10T12:51:16","date_gmt":"2026-02-10T11:51:16","guid":{"rendered":"https:\/\/alexpatrimonio.com\/sobre-nosotros\/"},"modified":"2026-02-27T10:06:08","modified_gmt":"2026-02-27T09:06:08","slug":"sobre-nosotros","status":"publish","type":"page","link":"https:\/\/alexpatrimonios.com\/es\/sobre-nosotros\/","title":{"rendered":"Sobre nosotros"},"content":{"rendered":"\t\t<div data-elementor-type=\"wp-page\" data-elementor-id=\"171\" class=\"elementor elementor-171 elementor-41\" data-elementor-post-type=\"page\">\n\t\t\t\t<div class=\"elementor-element elementor-element-70187455 e-con-full e-flex e-con e-parent\" data-id=\"70187455\" data-element_type=\"container\" data-e-type=\"container\" data-settings=\"{&quot;background_background&quot;:&quot;gradient&quot;}\">\n\t\t\t\t<div class=\"elementor-element elementor-element-7a4e9cf9 elementor-invisible elementor-widget elementor-widget-heading\" data-id=\"7a4e9cf9\" data-element_type=\"widget\" data-e-type=\"widget\" data-settings=\"{&quot;_animation&quot;:&quot;fadeInUp&quot;,&quot;_animation_delay&quot;:600}\" data-widget_type=\"heading.default\">\n\t\t\t\t\t<h2 class=\"elementor-heading-title elementor-size-default\">Sobre nosotros<\/h2>\t\t\t\t<\/div>\n\t\t\t\t<\/div>\n\t\t<div class=\"elementor-element elementor-element-5d2cdecc e-con-full e-flex e-con e-parent\" data-id=\"5d2cdecc\" data-element_type=\"container\" data-e-type=\"container\">\n\t\t<div class=\"elementor-element elementor-element-7b2c61f8 e-con-full e-flex e-con e-child\" data-id=\"7b2c61f8\" data-element_type=\"container\" data-e-type=\"container\" data-settings=\"{&quot;background_background&quot;:&quot;classic&quot;}\">\n\t\t\t\t<\/div>\n\t\t<div class=\"elementor-element elementor-element-3ba098ff e-con-full e-flex elementor-invisible e-con e-child\" data-id=\"3ba098ff\" data-element_type=\"container\" data-e-type=\"container\" data-settings=\"{&quot;animation&quot;:&quot;fadeIn&quot;,&quot;animation_delay&quot;:600}\">\n\t\t\t\t<div class=\"elementor-element elementor-element-7f029c9c animated-slow elementor-invisible elementor-widget elementor-widget-heading\" data-id=\"7f029c9c\" data-element_type=\"widget\" data-e-type=\"widget\" data-settings=\"{&quot;_animation&quot;:&quot;fadeInUp&quot;,&quot;_animation_delay&quot;:200}\" data-widget_type=\"heading.default\">\n\t\t\t\t\t<h2 class=\"elementor-heading-title elementor-size-default\">Expertos en gesti\u00f3n jur\u00eddica y t\u00e9cnica de viviendas\n<\/h2>\t\t\t\t<\/div>\n\t\t\t\t<div class=\"elementor-element elementor-element-23bcddb6 animated-slow elementor-invisible elementor-widget elementor-widget-text-editor\" data-id=\"23bcddb6\" data-element_type=\"widget\" data-e-type=\"widget\" data-settings=\"{&quot;_animation&quot;:&quot;fadeIn&quot;,&quot;_animation_delay&quot;:400}\" data-widget_type=\"text-editor.default\">\n\t\t\t\t\t\t\t\t\t<p>En Alex Patrimonio nos apasiona el mundo del derecho y la gesti\u00f3n t\u00e9cnica, y trabajamos con un prop\u00f3sito claro: hacerle la vida m\u00e1s f\u00e1cil. Somos una empresa especializada en asesoramiento jur\u00eddico, gesti\u00f3n documental y servicios t\u00e9cnicos para particulares, empresas y profesionales, con una forma de trabajar basada en el rigor, la proximidad y la confianza.<\/p><p>Creemos en un servicio personalizado, transparente y eficaz, capaz de adaptarse a sus necesidades espec\u00edficas. Tanto si necesita apoyo legal puntual como si busca una gesti\u00f3n integral y continuada, en Alex Patrimonio estamos a su lado para ofrecerle soluciones claras, seguras y eficientes.<\/p>\t\t\t\t\t\t\t\t<\/div>\n\t\t\t\t<div class=\"elementor-element elementor-element-3a66c675 elementor-align-left elementor-invisible elementor-widget elementor-widget-button\" data-id=\"3a66c675\" data-element_type=\"widget\" data-e-type=\"widget\" data-settings=\"{&quot;_animation&quot;:&quot;fadeIn&quot;,&quot;_animation_delay&quot;:500}\" data-widget_type=\"button.default\">\n\t\t\t\t\t\t\t\t\t\t<a class=\"elementor-button elementor-button-link elementor-size-sm\" href=\"https:\/\/iuristecnicproperty.com\/contacte\/\">\n\t\t\t\t\t\t<span class=\"elementor-button-content-wrapper\">\n\t\t\t\t\t\t\t\t\t<span class=\"elementor-button-text\">Contacte con nosotros<\/span>\n\t\t\t\t\t<\/span>\n\t\t\t\t\t<\/a>\n\t\t\t\t\t\t\t\t<\/div>\n\t\t\t\t<\/div>\n\t\t\t\t<\/div>\n\t\t<div class=\"elementor-element elementor-element-76aa4414 e-flex e-con-boxed e-con e-parent\" data-id=\"76aa4414\" data-element_type=\"container\" data-e-type=\"container\" data-settings=\"{&quot;background_background&quot;:&quot;classic&quot;}\">\n\t\t\t\t\t<div class=\"e-con-inner\">\n\t\t\t\t<div class=\"elementor-element elementor-element-7e9dff79 elementor-widget__width-inherit animated-slow elementor-invisible elementor-widget elementor-widget-jet-listing-grid\" data-id=\"7e9dff79\" data-element_type=\"widget\" data-e-type=\"widget\" data-settings=\"{&quot;columns_tablet&quot;:&quot;2&quot;,&quot;columns_mobile&quot;:&quot;1&quot;,&quot;_animation&quot;:&quot;fadeIn&quot;,&quot;_animation_delay&quot;:600,&quot;columns&quot;:3}\" data-widget_type=\"jet-listing-grid.default\">\n\t\t\t\t\t<div class=\"jet-listing-grid jet-listing\"><div class=\"jet-listing-grid__items grid-col-desk-3 grid-col-tablet-2 grid-col-mobile-1 jet-listing-grid--72\" data-queried-id=\"171|WP_Post\" data-nav=\"{&quot;enabled&quot;:false,&quot;type&quot;:null,&quot;more_el&quot;:null,&quot;query&quot;:[],&quot;widget_settings&quot;:{&quot;lisitng_id&quot;:72,&quot;posts_num&quot;:6,&quot;columns&quot;:3,&quot;columns_tablet&quot;:2,&quot;columns_mobile&quot;:1,&quot;column_min_width&quot;:240,&quot;column_min_width_tablet&quot;:240,&quot;column_min_width_mobile&quot;:240,&quot;inline_columns_css&quot;:false,&quot;is_archive_template&quot;:&quot;&quot;,&quot;post_status&quot;:[&quot;publish&quot;],&quot;use_random_posts_num&quot;:&quot;&quot;,&quot;max_posts_num&quot;:9,&quot;not_found_message&quot;:&quot;No se encontraron datos&quot;,&quot;is_masonry&quot;:false,&quot;equal_columns_height&quot;:&quot;&quot;,&quot;use_load_more&quot;:&quot;&quot;,&quot;load_more_id&quot;:&quot;&quot;,&quot;load_more_type&quot;:&quot;click&quot;,&quot;load_more_offset&quot;:null,&quot;use_custom_post_types&quot;:&quot;&quot;,&quot;custom_post_types&quot;:[],&quot;hide_widget_if&quot;:&quot;&quot;,&quot;carousel_enabled&quot;:&quot;&quot;,&quot;slides_to_scroll&quot;:&quot;1&quot;,&quot;arrows&quot;:&quot;true&quot;,&quot;arrow_icon&quot;:&quot;fa fa-angle-left&quot;,&quot;dots&quot;:&quot;&quot;,&quot;autoplay&quot;:&quot;true&quot;,&quot;pause_on_hover&quot;:&quot;true&quot;,&quot;autoplay_speed&quot;:5000,&quot;infinite&quot;:&quot;true&quot;,&quot;center_mode&quot;:&quot;&quot;,&quot;effect&quot;:&quot;slide&quot;,&quot;speed&quot;:500,&quot;inject_alternative_items&quot;:&quot;&quot;,&quot;injection_items&quot;:[],&quot;scroll_slider_enabled&quot;:&quot;&quot;,&quot;scroll_slider_on&quot;:[&quot;desktop&quot;,&quot;tablet&quot;,&quot;mobile&quot;],&quot;custom_query&quot;:false,&quot;custom_query_id&quot;:&quot;&quot;,&quot;_element_id&quot;:&quot;&quot;,&quot;collapse_first_last_gap&quot;:false,&quot;list_tag_selection&quot;:&quot;&quot;,&quot;list_items_wrapper_tag&quot;:&quot;div&quot;,&quot;list_item_tag&quot;:&quot;div&quot;,&quot;empty_items_wrapper_tag&quot;:&quot;div&quot;}}\" data-page=\"1\" data-pages=\"1\" data-listing-source=\"posts\" data-listing-id=\"72\" data-query-id=\"\"><div class=\"jet-listing-grid__item jet-listing-dynamic-post-186\" data-post-id=\"186\"  ><style type=\"text\/css\">.jet-listing-dynamic-post-186 .elementor-element.elementor-element-13538dfc:not(.elementor-motion-effects-element-type-background), .jet-listing-dynamic-post-186 .elementor-element.elementor-element-13538dfc > .elementor-motion-effects-container > .elementor-motion-effects-layer{background-image:url(\"https:\/\/alexpatrimonios.com\/wp-content\/uploads\/2026\/02\/seccion-media-de-agente-de-bienes-raices-y-cliente-en-la-mesa-1.webp\");}<\/style>\t\t<div data-elementor-type=\"jet-listing-items\" data-elementor-id=\"188\" class=\"elementor elementor-188 elementor-72 elementor-72\" data-elementor-post-type=\"jet-engine\">\n\t\t\t\t<div class=\"elementor-element elementor-element-2e05e824 e-con-full e-flex e-con e-parent\" data-id=\"2e05e824\" data-element_type=\"container\" data-e-type=\"container\" data-settings=\"{&quot;background_background&quot;:&quot;classic&quot;}\">\n\t\t<div class=\"elementor-element elementor-element-13538dfc e-con-full e-flex e-con e-child\" data-id=\"13538dfc\" data-element_type=\"container\" data-e-type=\"container\" data-settings=\"{&quot;background_background&quot;:&quot;classic&quot;}\">\n\t\t\t\t<div class=\"elementor-element elementor-element-4fca061f elementor-widget elementor-widget-jet-listing-dynamic-image\" data-id=\"4fca061f\" data-element_type=\"widget\" data-e-type=\"widget\" data-widget_type=\"jet-listing-dynamic-image.default\">\n\t\t\t\t\t<div class=\"jet-listing jet-listing-dynamic-image\" ><\/div>\t\t\t\t<\/div>\n\t\t\t\t<\/div>\n\t\t<div class=\"elementor-element elementor-element-123f4b48 e-con-full e-flex e-con e-child\" data-id=\"123f4b48\" data-element_type=\"container\" data-e-type=\"container\">\n\t\t\t\t<div class=\"elementor-element elementor-element-2a49e881 elementor-invisible elementor-widget elementor-widget-jet-listing-dynamic-field\" data-id=\"2a49e881\" data-element_type=\"widget\" data-e-type=\"widget\" data-settings=\"{&quot;_animation&quot;:&quot;fadeIn&quot;}\" data-widget_type=\"jet-listing-dynamic-field.default\">\n\t\t\t\t\t<div class=\"jet-listing jet-listing-dynamic-field display-inline\"><div class=\"jet-listing-dynamic-field__inline-wrap\"><h4 class=\"jet-listing-dynamic-field__content\" >Servicio de consultor\u00eda<\/h4><\/div><\/div>\t\t\t\t<\/div>\n\t\t\t\t<div class=\"elementor-element elementor-element-b8e56bc elementor-align-left elementor-invisible elementor-widget elementor-widget-button\" data-id=\"b8e56bc\" data-element_type=\"widget\" data-e-type=\"widget\" data-settings=\"{&quot;_animation&quot;:&quot;fadeIn&quot;,&quot;_animation_delay&quot;:500}\" data-widget_type=\"button.default\">\n\t\t\t\t\t\t\t\t\t\t<a class=\"elementor-button elementor-button-link elementor-size-sm\" href=\"https:\/\/alexpatrimonios.com\/es\/serveis\/servicio-de-consultoria\/\">\n\t\t\t\t\t\t<span class=\"elementor-button-content-wrapper\">\n\t\t\t\t\t\t\t\t\t<span class=\"elementor-button-text\">Ver m\u00e1s<\/span>\n\t\t\t\t\t<\/span>\n\t\t\t\t\t<\/a>\n\t\t\t\t\t\t\t\t<\/div>\n\t\t\t\t<\/div>\n\t\t\t\t<\/div>\n\t\t\t\t<\/div>\n\t\t<\/div><\/div><\/div>\t\t\t\t<\/div>\n\t\t\t\t\t<\/div>\n\t\t\t\t<\/div>\n\t\t<div class=\"elementor-element elementor-element-52f2c02c e-flex e-con-boxed e-con e-parent\" data-id=\"52f2c02c\" data-element_type=\"container\" data-e-type=\"container\" data-settings=\"{&quot;background_background&quot;:&quot;gradient&quot;}\">\n\t\t\t\t\t<div class=\"e-con-inner\">\n\t\t\t\t<div class=\"elementor-element elementor-element-320db955 elementor-invisible elementor-widget elementor-widget-heading\" data-id=\"320db955\" data-element_type=\"widget\" data-e-type=\"widget\" data-settings=\"{&quot;_animation&quot;:&quot;fadeInDown&quot;,&quot;_animation_delay&quot;:600}\" data-widget_type=\"heading.default\">\n\t\t\t\t\t<h2 class=\"elementor-heading-title elementor-size-default\">\u00bfAlguna consulta?<br>Contacte con nosotros<\/h2>\t\t\t\t<\/div>\n\t\t\t\t<div class=\"elementor-element elementor-element-3156010 elementor-align-center elementor-invisible elementor-widget elementor-widget-button\" data-id=\"3156010\" data-element_type=\"widget\" data-e-type=\"widget\" data-settings=\"{&quot;_animation&quot;:&quot;fadeIn&quot;,&quot;_animation_delay&quot;:500}\" data-widget_type=\"button.default\">\n\t\t\t\t\t\t\t\t\t\t<a class=\"elementor-button elementor-button-link elementor-size-sm\" href=\"https:\/\/iuristecnicproperty.com\/contacte\/\">\n\t\t\t\t\t\t<span class=\"elementor-button-content-wrapper\">\n\t\t\t\t\t\t\t\t\t<span class=\"elementor-button-text\">Contacto<\/span>\n\t\t\t\t\t<\/span>\n\t\t\t\t\t<\/a>\n\t\t\t\t\t\t\t\t<\/div>\n\t\t\t\t\t<\/div>\n\t\t\t\t<\/div>\n\t\t\t\t<\/div>\n\t\t","protected":false},"excerpt":{"rendered":"<p>Sobre nosotros Expertos en gesti\u00f3n jur\u00eddica y t\u00e9cnica de viviendas En Alex Patrimonio nos apasiona el mundo del derecho y la gesti\u00f3n t\u00e9cnica, y trabajamos con un prop\u00f3sito claro: hacerle la vida m\u00e1s f\u00e1cil. Somos una empresa especializada en asesoramiento jur\u00eddico, gesti\u00f3n documental y servicios t\u00e9cnicos para particulares, empresas y profesionales, con una forma de [&hellip;]<\/p>\n","protected":false},"author":1,"featured_media":194,"parent":0,"menu_order":0,"comment_status":"closed","ping_status":"closed","template":"elementor_header_footer","meta":{"footnotes":""},"class_list":["post-171","page","type-page","status-publish","has-post-thumbnail","hentry"],"yoast_head":"<!-- This site is optimized with the Yoast SEO plugin v27.4 - https:\/\/yoast.com\/product\/yoast-seo-wordpress\/ -->\n<title>Sobre nosotros - Alex Patrimonio<\/title>\n<meta name=\"robots\" content=\"index, follow, max-snippet:-1, max-image-preview:large, max-video-preview:-1\" \/>\n<link rel=\"canonical\" href=\"https:\/\/alexpatrimonios.com\/es\/sobre-nosotros\/\" \/>\n<meta property=\"og:locale\" content=\"es_ES\" \/>\n<meta property=\"og:type\" content=\"article\" \/>\n<meta property=\"og:title\" content=\"Sobre nosotros - Alex Patrimonio\" \/>\n<meta property=\"og:description\" content=\"Sobre nosotros Expertos en gesti\u00f3n jur\u00eddica y t\u00e9cnica de viviendas En Alex Patrimonio nos apasiona el mundo del derecho y la gesti\u00f3n t\u00e9cnica, y trabajamos con un prop\u00f3sito claro: hacerle la vida m\u00e1s f\u00e1cil. Somos una empresa especializada en asesoramiento jur\u00eddico, gesti\u00f3n documental y servicios t\u00e9cnicos para particulares, empresas y profesionales, con una forma de [&hellip;]\" \/>\n<meta property=\"og:url\" content=\"https:\/\/alexpatrimonios.com\/es\/sobre-nosotros\/\" \/>\n<meta property=\"og:site_name\" content=\"Alex Patrimonio\" \/>\n<meta property=\"article:modified_time\" content=\"2026-02-27T09:06:08+00:00\" \/>\n<meta property=\"og:image\" content=\"https:\/\/alexpatrimonios.com\/wp-content\/uploads\/2026\/02\/cropped-freepik__design-a-minimalist-monogram-merging-letters-a-and__27091.png\" \/>\n\t<meta property=\"og:image:width\" content=\"512\" \/>\n\t<meta property=\"og:image:height\" content=\"512\" \/>\n\t<meta property=\"og:image:type\" content=\"image\/png\" \/>\n<meta name=\"twitter:card\" content=\"summary_large_image\" \/>\n<meta name=\"twitter:label1\" content=\"Tiempo de lectura\" \/>\n\t<meta name=\"twitter:data1\" content=\"1 minuto\" \/>\n<script type=\"application\/ld+json\" class=\"yoast-schema-graph\">{\"@context\":\"https:\\\/\\\/schema.org\",\"@graph\":[{\"@type\":\"WebPage\",\"@id\":\"https:\\\/\\\/alexpatrimonios.com\\\/es\\\/sobre-nosotros\\\/\",\"url\":\"https:\\\/\\\/alexpatrimonios.com\\\/es\\\/sobre-nosotros\\\/\",\"name\":\"Sobre nosotros - Alex Patrimonio\",\"isPartOf\":{\"@id\":\"https:\\\/\\\/alexpatrimonios.com\\\/#website\"},\"primaryImageOfPage\":{\"@id\":\"https:\\\/\\\/alexpatrimonios.com\\\/es\\\/sobre-nosotros\\\/#primaryimage\"},\"image\":{\"@id\":\"https:\\\/\\\/alexpatrimonios.com\\\/es\\\/sobre-nosotros\\\/#primaryimage\"},\"thumbnailUrl\":\"https:\\\/\\\/alexpatrimonios.com\\\/wp-content\\\/uploads\\\/2026\\\/02\\\/cropped-freepik__design-a-minimalist-monogram-merging-letters-a-and__27091.png\",\"datePublished\":\"2026-02-10T11:51:16+00:00\",\"dateModified\":\"2026-02-27T09:06:08+00:00\",\"breadcrumb\":{\"@id\":\"https:\\\/\\\/alexpatrimonios.com\\\/es\\\/sobre-nosotros\\\/#breadcrumb\"},\"inLanguage\":\"es\",\"potentialAction\":[{\"@type\":\"ReadAction\",\"target\":[\"https:\\\/\\\/alexpatrimonios.com\\\/es\\\/sobre-nosotros\\\/\"]}]},{\"@type\":\"ImageObject\",\"inLanguage\":\"es\",\"@id\":\"https:\\\/\\\/alexpatrimonios.com\\\/es\\\/sobre-nosotros\\\/#primaryimage\",\"url\":\"https:\\\/\\\/alexpatrimonios.com\\\/wp-content\\\/uploads\\\/2026\\\/02\\\/cropped-freepik__design-a-minimalist-monogram-merging-letters-a-and__27091.png\",\"contentUrl\":\"https:\\\/\\\/alexpatrimonios.com\\\/wp-content\\\/uploads\\\/2026\\\/02\\\/cropped-freepik__design-a-minimalist-monogram-merging-letters-a-and__27091.png\",\"width\":512,\"height\":512,\"caption\":\"Logo alex patrimonio\"},{\"@type\":\"BreadcrumbList\",\"@id\":\"https:\\\/\\\/alexpatrimonios.com\\\/es\\\/sobre-nosotros\\\/#breadcrumb\",\"itemListElement\":[{\"@type\":\"ListItem\",\"position\":1,\"name\":\"Inici\",\"item\":\"https:\\\/\\\/alexpatrimonios.com\\\/es\\\/inicio\\\/\"},{\"@type\":\"ListItem\",\"position\":2,\"name\":\"Sobre nosotros\"}]},{\"@type\":\"WebSite\",\"@id\":\"https:\\\/\\\/alexpatrimonios.com\\\/#website\",\"url\":\"https:\\\/\\\/alexpatrimonios.com\\\/\",\"name\":\"Alex Patrimonio\",\"description\":\"\",\"publisher\":{\"@id\":\"https:\\\/\\\/alexpatrimonios.com\\\/#organization\"},\"potentialAction\":[{\"@type\":\"SearchAction\",\"target\":{\"@type\":\"EntryPoint\",\"urlTemplate\":\"https:\\\/\\\/alexpatrimonios.com\\\/?s={search_term_string}\"},\"query-input\":{\"@type\":\"PropertyValueSpecification\",\"valueRequired\":true,\"valueName\":\"search_term_string\"}}],\"inLanguage\":\"es\"},{\"@type\":\"Organization\",\"@id\":\"https:\\\/\\\/alexpatrimonios.com\\\/#organization\",\"name\":\"Alex Patrimonio\",\"url\":\"https:\\\/\\\/alexpatrimonios.com\\\/\",\"logo\":{\"@type\":\"ImageObject\",\"inLanguage\":\"es\",\"@id\":\"https:\\\/\\\/alexpatrimonios.com\\\/#\\\/schema\\\/logo\\\/image\\\/\",\"url\":\"https:\\\/\\\/alexpatrimonios.com\\\/wp-content\\\/uploads\\\/2026\\\/02\\\/freepik__design-a-minimalist-monogram-merging-letters-a-and__27091.png\",\"contentUrl\":\"https:\\\/\\\/alexpatrimonios.com\\\/wp-content\\\/uploads\\\/2026\\\/02\\\/freepik__design-a-minimalist-monogram-merging-letters-a-and__27091.png\",\"width\":1408,\"height\":704,\"caption\":\"Alex Patrimonio\"},\"image\":{\"@id\":\"https:\\\/\\\/alexpatrimonios.com\\\/#\\\/schema\\\/logo\\\/image\\\/\"}}]}<\/script>\n<!-- \/ Yoast SEO plugin. -->","yoast_head_json":{"title":"Sobre nosotros - Alex Patrimonio","robots":{"index":"index","follow":"follow","max-snippet":"max-snippet:-1","max-image-preview":"max-image-preview:large","max-video-preview":"max-video-preview:-1"},"canonical":"https:\/\/alexpatrimonios.com\/es\/sobre-nosotros\/","og_locale":"es_ES","og_type":"article","og_title":"Sobre nosotros - Alex Patrimonio","og_description":"Sobre nosotros Expertos en gesti\u00f3n jur\u00eddica y t\u00e9cnica de viviendas En Alex Patrimonio nos apasiona el mundo del derecho y la gesti\u00f3n t\u00e9cnica, y trabajamos con un prop\u00f3sito claro: hacerle la vida m\u00e1s f\u00e1cil. Somos una empresa especializada en asesoramiento jur\u00eddico, gesti\u00f3n documental y servicios t\u00e9cnicos para particulares, empresas y profesionales, con una forma de [&hellip;]","og_url":"https:\/\/alexpatrimonios.com\/es\/sobre-nosotros\/","og_site_name":"Alex Patrimonio","article_modified_time":"2026-02-27T09:06:08+00:00","og_image":[{"width":512,"height":512,"url":"https:\/\/alexpatrimonios.com\/wp-content\/uploads\/2026\/02\/cropped-freepik__design-a-minimalist-monogram-merging-letters-a-and__27091.png","type":"image\/png"}],"twitter_card":"summary_large_image","twitter_misc":{"Tiempo de lectura":"1 minuto"},"schema":{"@context":"https:\/\/schema.org","@graph":[{"@type":"WebPage","@id":"https:\/\/alexpatrimonios.com\/es\/sobre-nosotros\/","url":"https:\/\/alexpatrimonios.com\/es\/sobre-nosotros\/","name":"Sobre nosotros - Alex Patrimonio","isPartOf":{"@id":"https:\/\/alexpatrimonios.com\/#website"},"primaryImageOfPage":{"@id":"https:\/\/alexpatrimonios.com\/es\/sobre-nosotros\/#primaryimage"},"image":{"@id":"https:\/\/alexpatrimonios.com\/es\/sobre-nosotros\/#primaryimage"},"thumbnailUrl":"https:\/\/alexpatrimonios.com\/wp-content\/uploads\/2026\/02\/cropped-freepik__design-a-minimalist-monogram-merging-letters-a-and__27091.png","datePublished":"2026-02-10T11:51:16+00:00","dateModified":"2026-02-27T09:06:08+00:00","breadcrumb":{"@id":"https:\/\/alexpatrimonios.com\/es\/sobre-nosotros\/#breadcrumb"},"inLanguage":"es","potentialAction":[{"@type":"ReadAction","target":["https:\/\/alexpatrimonios.com\/es\/sobre-nosotros\/"]}]},{"@type":"ImageObject","inLanguage":"es","@id":"https:\/\/alexpatrimonios.com\/es\/sobre-nosotros\/#primaryimage","url":"https:\/\/alexpatrimonios.com\/wp-content\/uploads\/2026\/02\/cropped-freepik__design-a-minimalist-monogram-merging-letters-a-and__27091.png","contentUrl":"https:\/\/alexpatrimonios.com\/wp-content\/uploads\/2026\/02\/cropped-freepik__design-a-minimalist-monogram-merging-letters-a-and__27091.png","width":512,"height":512,"caption":"Logo alex patrimonio"},{"@type":"BreadcrumbList","@id":"https:\/\/alexpatrimonios.com\/es\/sobre-nosotros\/#breadcrumb","itemListElement":[{"@type":"ListItem","position":1,"name":"Inici","item":"https:\/\/alexpatrimonios.com\/es\/inicio\/"},{"@type":"ListItem","position":2,"name":"Sobre nosotros"}]},{"@type":"WebSite","@id":"https:\/\/alexpatrimonios.com\/#website","url":"https:\/\/alexpatrimonios.com\/","name":"Alex Patrimonio","description":"","publisher":{"@id":"https:\/\/alexpatrimonios.com\/#organization"},"potentialAction":[{"@type":"SearchAction","target":{"@type":"EntryPoint","urlTemplate":"https:\/\/alexpatrimonios.com\/?s={search_term_string}"},"query-input":{"@type":"PropertyValueSpecification","valueRequired":true,"valueName":"search_term_string"}}],"inLanguage":"es"},{"@type":"Organization","@id":"https:\/\/alexpatrimonios.com\/#organization","name":"Alex Patrimonio","url":"https:\/\/alexpatrimonios.com\/","logo":{"@type":"ImageObject","inLanguage":"es","@id":"https:\/\/alexpatrimonios.com\/#\/schema\/logo\/image\/","url":"https:\/\/alexpatrimonios.com\/wp-content\/uploads\/2026\/02\/freepik__design-a-minimalist-monogram-merging-letters-a-and__27091.png","contentUrl":"https:\/\/alexpatrimonios.com\/wp-content\/uploads\/2026\/02\/freepik__design-a-minimalist-monogram-merging-letters-a-and__27091.png","width":1408,"height":704,"caption":"Alex Patrimonio"},"image":{"@id":"https:\/\/alexpatrimonios.com\/#\/schema\/logo\/image\/"}}]}},"_links":{"self":[{"href":"https:\/\/alexpatrimonios.com\/es\/wp-json\/wp\/v2\/pages\/171","targetHints":{"allow":["GET"]}}],"collection":[{"href":"https:\/\/alexpatrimonios.com\/es\/wp-json\/wp\/v2\/pages"}],"about":[{"href":"https:\/\/alexpatrimonios.com\/es\/wp-json\/wp\/v2\/types\/page"}],"author":[{"embeddable":true,"href":"https:\/\/alexpatrimonios.com\/es\/wp-json\/wp\/v2\/users\/1"}],"replies":[{"embeddable":true,"href":"https:\/\/alexpatrimonios.com\/es\/wp-json\/wp\/v2\/comments?post=171"}],"version-history":[{"count":1,"href":"https:\/\/alexpatrimonios.com\/es\/wp-json\/wp\/v2\/pages\/171\/revisions"}],"predecessor-version":[{"id":173,"href":"https:\/\/alexpatrimonios.com\/es\/wp-json\/wp\/v2\/pages\/171\/revisions\/173"}],"wp:featuredmedia":[{"embeddable":true,"href":"https:\/\/alexpatrimonios.com\/es\/wp-json\/wp\/v2\/media\/194"}],"wp:attachment":[{"href":"https:\/\/alexpatrimonios.com\/es\/wp-json\/wp\/v2\/media?parent=171"}],"curies":[{"name":"wp","href":"https:\/\/api.w.org\/{rel}","templated":true}]}}