{"id":165,"date":"2026-02-10T10:41:34","date_gmt":"2026-02-10T09:41:34","guid":{"rendered":"https:\/\/alexpatrimonio.com\/inicio\/"},"modified":"2026-02-27T10:05:10","modified_gmt":"2026-02-27T09:05:10","slug":"inicio","status":"publish","type":"page","link":"https:\/\/alexpatrimonios.com\/es\/","title":{"rendered":"Inicio"},"content":{"rendered":"\t\t<div data-elementor-type=\"wp-page\" data-elementor-id=\"165\" class=\"elementor elementor-165 elementor-2\" data-elementor-post-type=\"page\">\n\t\t\t\t<div class=\"elementor-element elementor-element-54ca4e53 e-con-full e-flex e-con e-parent\" data-id=\"54ca4e53\" data-element_type=\"container\" data-e-type=\"container\">\n\t\t<div class=\"elementor-element elementor-element-313f43a0 e-con-full e-flex e-con e-child\" data-id=\"313f43a0\" data-element_type=\"container\" data-e-type=\"container\">\n\t\t\t\t<div class=\"elementor-element elementor-element-1d35e530 elementor--v-position-bottom elementor--h-position-center elementor-arrows-position-inside elementor-pagination-position-inside elementor-widget elementor-widget-slides\" data-id=\"1d35e530\" data-element_type=\"widget\" data-e-type=\"widget\" data-settings=\"{&quot;transition&quot;:&quot;fade&quot;,&quot;navigation&quot;:&quot;both&quot;,&quot;autoplay&quot;:&quot;yes&quot;,&quot;pause_on_hover&quot;:&quot;yes&quot;,&quot;pause_on_interaction&quot;:&quot;yes&quot;,&quot;autoplay_speed&quot;:5000,&quot;infinite&quot;:&quot;yes&quot;,&quot;transition_speed&quot;:500}\" data-widget_type=\"slides.default\">\n\t\t\t\t\t\t\t\t\t\t<div class=\"elementor-slides-wrapper elementor-main-swiper swiper\" role=\"region\" aria-roledescription=\"carousel\" aria-label=\"Diapositives\" dir=\"ltr\" data-animation=\"\">\n\t\t\t\t<div class=\"swiper-wrapper elementor-slides\">\n\t\t\t\t\t\t\t\t\t\t<div class=\"elementor-repeater-item-622495d swiper-slide\" role=\"group\" aria-roledescription=\"slide\"><div class=\"swiper-slide-bg\" role=\"img\" aria-label=\"Dos manos haciendo contrato\"><\/div><div class=\"elementor-background-overlay\"><\/div><div class=\"swiper-slide-inner\" ><div class=\"swiper-slide-contents\"><h2 class=\"elementor-slide-heading\"><h1>ALEX PATRIMONIO<\/h1>nos encargamos de gestionar sus inmuebles con compromiso, transparencia y confianza<\/h2><div class=\"elementor-slide-description\"><p>Conozca las ventajas de trabajar con nosotros<\/p>\n<\/div><div  class=\"elementor-button elementor-slide-button elementor-size-sm\">Contacto<\/div><\/div><\/div><\/div><div class=\"elementor-repeater-item-dec47c4 swiper-slide\" role=\"group\" aria-roledescription=\"slide\"><div class=\"swiper-slide-bg\" role=\"img\" aria-label=\"mano con llaves\"><\/div><div class=\"elementor-background-overlay\"><\/div><div class=\"swiper-slide-inner\" ><div class=\"swiper-slide-contents\"><h2 class=\"elementor-slide-heading\"><h1>ALEX PATRIMONIO<\/h1>nos encargamos de gestionar sus inmuebles con compromiso, transparencia y confianza<\/h2><div class=\"elementor-slide-description\"><p>Conozca las ventajas de trabajar con nosotros<\/p>\n<\/div><div  class=\"elementor-button elementor-slide-button elementor-size-sm\">Contacto<\/div><\/div><\/div><\/div>\t\t\t\t<\/div>\n\t\t\t\t\t\t\t\t\t\t\t\t\t\t\t<div class=\"elementor-swiper-button elementor-swiper-button-prev\" role=\"button\" tabindex=\"0\" aria-label=\"Diapositiva anterior\">\n\t\t\t\t\t\t\t<svg aria-hidden=\"true\" class=\"e-font-icon-svg e-eicon-chevron-left\" viewBox=\"0 0 1000 1000\" xmlns=\"http:\/\/www.w3.org\/2000\/svg\"><path d=\"M646 125C629 125 613 133 604 142L308 442C296 454 292 471 292 487 292 504 296 521 308 533L604 854C617 867 629 875 646 875 663 875 679 871 692 858 704 846 713 829 713 812 713 796 708 779 692 767L438 487 692 225C700 217 708 204 708 187 708 171 704 154 692 142 675 129 663 125 646 125Z\"><\/path><\/svg>\t\t\t\t\t\t<\/div>\n\t\t\t\t\t\t<div class=\"elementor-swiper-button elementor-swiper-button-next\" role=\"button\" tabindex=\"0\" aria-label=\"Diapositiva siguiente\">\n\t\t\t\t\t\t\t<svg aria-hidden=\"true\" class=\"e-font-icon-svg e-eicon-chevron-right\" viewBox=\"0 0 1000 1000\" xmlns=\"http:\/\/www.w3.org\/2000\/svg\"><path d=\"M696 533C708 521 713 504 713 487 713 471 708 454 696 446L400 146C388 133 375 125 354 125 338 125 325 129 313 142 300 154 292 171 292 187 292 204 296 221 308 233L563 492 304 771C292 783 288 800 288 817 288 833 296 850 308 863 321 871 338 875 354 875 371 875 388 867 400 854L696 533Z\"><\/path><\/svg>\t\t\t\t\t\t<\/div>\n\t\t\t\t\t\t\t\t\t\t\t\t\t\t\t\t<div class=\"swiper-pagination\"><\/div>\n\t\t\t\t\t\t\t\t\t\t\t\t<\/div>\n\t\t\t\t\t\t\t\t<\/div>\n\t\t\t\t<\/div>\n\t\t\t\t<\/div>\n\t\t<div class=\"elementor-element elementor-element-328473f6 e-con-full e-flex e-con e-parent\" data-id=\"328473f6\" data-element_type=\"container\" data-e-type=\"container\">\n\t\t<div class=\"elementor-element elementor-element-353d2c12 e-con-full e-flex e-con e-child\" data-id=\"353d2c12\" data-element_type=\"container\" data-e-type=\"container\">\n\t\t<div class=\"elementor-element elementor-element-583c407f e-con-full e-flex e-con e-child\" data-id=\"583c407f\" data-element_type=\"container\" data-e-type=\"container\">\n\t\t\t\t<div class=\"elementor-element elementor-element-76f15634 elementor-invisible elementor-widget elementor-widget-heading\" data-id=\"76f15634\" data-element_type=\"widget\" data-e-type=\"widget\" data-settings=\"{&quot;_animation&quot;:&quot;fadeInDown&quot;,&quot;_animation_delay&quot;:600}\" data-widget_type=\"heading.default\">\n\t\t\t\t\t<h2 class=\"elementor-heading-title elementor-size-default\">Sobre nosotros<\/h2>\t\t\t\t<\/div>\n\t\t\t\t<div class=\"elementor-element elementor-element-63ae67a0 elementor-widget elementor-widget-text-editor\" data-id=\"63ae67a0\" data-element_type=\"widget\" data-e-type=\"widget\" data-widget_type=\"text-editor.default\">\n\t\t\t\t\t\t\t\t\t<p data-pm-slice=\"1 1 []\">En Alex Patrimonio nos apasiona el mundo inmobiliario y nos mueve el objetivo de facilitarle la vida. Somos una empresa especializada en la gesti\u00f3n, consultor\u00eda y comercializaci\u00f3n de inmuebles, con trato cercano y de confianza<\/p><p data-pm-slice=\"1 1 []\">Le ofrecemos soluciones personalizadas que se adapten a sus necesidades reales.<\/p>\t\t\t\t\t\t\t\t<\/div>\n\t\t\t\t<div class=\"elementor-element elementor-element-3cf00315 elementor-align-left elementor-invisible elementor-widget elementor-widget-button\" data-id=\"3cf00315\" data-element_type=\"widget\" data-e-type=\"widget\" data-settings=\"{&quot;_animation&quot;:&quot;fadeIn&quot;,&quot;_animation_delay&quot;:500}\" data-widget_type=\"button.default\">\n\t\t\t\t\t\t\t\t\t\t<a class=\"elementor-button elementor-button-link elementor-size-sm\" href=\"https:\/\/nll.cat\/qui-som\">\n\t\t\t\t\t\t<span class=\"elementor-button-content-wrapper\">\n\t\t\t\t\t\t\t\t\t<span class=\"elementor-button-text\">Con\u00f3zcanos<\/span>\n\t\t\t\t\t<\/span>\n\t\t\t\t\t<\/a>\n\t\t\t\t\t\t\t\t<\/div>\n\t\t\t\t<\/div>\n\t\t<div class=\"elementor-element elementor-element-6b2260e6 e-con-full e-flex e-con e-child\" data-id=\"6b2260e6\" data-element_type=\"container\" data-e-type=\"container\">\n\t\t\t\t<div class=\"elementor-element elementor-element-71b157b5 animated-slow elementor-invisible elementor-widget elementor-widget-image\" data-id=\"71b157b5\" data-element_type=\"widget\" data-e-type=\"widget\" data-settings=\"{&quot;_animation&quot;:&quot;fadeInRight&quot;,&quot;_animation_delay&quot;:600}\" data-widget_type=\"image.default\">\n\t\t\t\t\t\t\t\t\t\t\t\t\t\t\t<img fetchpriority=\"high\" decoding=\"async\" width=\"2000\" height=\"1334\" src=\"https:\/\/alexpatrimonios.com\/wp-content\/uploads\/2026\/02\/agente-inmobiliario-masculino-haciendo-negocios-y-mostrando-la-casa-una-posible-pareja-compradora.webp\" class=\"attachment-full size-full wp-image-158\" alt=\"tablet con planos\" srcset=\"https:\/\/alexpatrimonios.com\/wp-content\/uploads\/2026\/02\/agente-inmobiliario-masculino-haciendo-negocios-y-mostrando-la-casa-una-posible-pareja-compradora.webp 2000w, https:\/\/alexpatrimonios.com\/wp-content\/uploads\/2026\/02\/agente-inmobiliario-masculino-haciendo-negocios-y-mostrando-la-casa-una-posible-pareja-compradora-300x200.webp 300w, https:\/\/alexpatrimonios.com\/wp-content\/uploads\/2026\/02\/agente-inmobiliario-masculino-haciendo-negocios-y-mostrando-la-casa-una-posible-pareja-compradora-1024x683.webp 1024w, https:\/\/alexpatrimonios.com\/wp-content\/uploads\/2026\/02\/agente-inmobiliario-masculino-haciendo-negocios-y-mostrando-la-casa-una-posible-pareja-compradora-768x512.webp 768w, https:\/\/alexpatrimonios.com\/wp-content\/uploads\/2026\/02\/agente-inmobiliario-masculino-haciendo-negocios-y-mostrando-la-casa-una-posible-pareja-compradora-1536x1025.webp 1536w\" sizes=\"(max-width: 2000px) 100vw, 2000px\" \/>\t\t\t\t\t\t\t\t\t\t\t\t\t\t\t<\/div>\n\t\t\t\t<\/div>\n\t\t\t\t<\/div>\n\t\t\t\t<\/div>\n\t\t<div class=\"elementor-element elementor-element-76b60fa3 e-con-full e-flex e-con e-parent\" data-id=\"76b60fa3\" data-element_type=\"container\" data-e-type=\"container\" data-settings=\"{&quot;background_background&quot;:&quot;gradient&quot;}\">\n\t\t\t\t<div class=\"elementor-element elementor-element-18810817 elementor-invisible elementor-widget elementor-widget-heading\" data-id=\"18810817\" data-element_type=\"widget\" data-e-type=\"widget\" data-settings=\"{&quot;_animation&quot;:&quot;fadeInDown&quot;,&quot;_animation_delay&quot;:600}\" data-widget_type=\"heading.default\">\n\t\t\t\t\t<h2 class=\"elementor-heading-title elementor-size-default\">Nuestros servicios<\/h2>\t\t\t\t<\/div>\n\t\t\t\t<\/div>\n\t\t<div class=\"elementor-element elementor-element-c50d312 e-flex e-con-boxed e-con e-parent\" data-id=\"c50d312\" data-element_type=\"container\" data-e-type=\"container\" data-settings=\"{&quot;background_background&quot;:&quot;classic&quot;}\">\n\t\t\t\t\t<div class=\"e-con-inner\">\n\t\t<div class=\"elementor-element elementor-element-6771f7c3 e-con-full e-flex e-con e-child\" data-id=\"6771f7c3\" data-element_type=\"container\" data-e-type=\"container\" data-settings=\"{&quot;background_background&quot;:&quot;classic&quot;,&quot;motion_fx_motion_fx_scrolling&quot;:&quot;yes&quot;,&quot;motion_fx_translateX_effect&quot;:&quot;yes&quot;,&quot;motion_fx_translateX_direction&quot;:&quot;negative&quot;,&quot;motion_fx_translateX_speed&quot;:{&quot;unit&quot;:&quot;px&quot;,&quot;size&quot;:1,&quot;sizes&quot;:[]},&quot;motion_fx_translateX_affectedRange&quot;:{&quot;unit&quot;:&quot;%&quot;,&quot;size&quot;:&quot;&quot;,&quot;sizes&quot;:{&quot;start&quot;:0,&quot;end&quot;:50}},&quot;motion_fx_devices&quot;:[&quot;desktop&quot;,&quot;tablet&quot;,&quot;mobile&quot;]}\">\n\t\t\t\t<div class=\"elementor-element elementor-element-477f4152 elementor-invisible elementor-widget elementor-widget-heading\" data-id=\"477f4152\" data-element_type=\"widget\" data-e-type=\"widget\" data-settings=\"{&quot;_animation&quot;:&quot;fadeInDown&quot;,&quot;_animation_delay&quot;:600}\" data-widget_type=\"heading.default\">\n\t\t\t\t\t<h2 class=\"elementor-heading-title elementor-size-default\">ALQUILER DE INMUEBLES<\/h2>\t\t\t\t<\/div>\n\t\t\t\t<div class=\"elementor-element elementor-element-718e5540 elementor-align-center elementor-invisible elementor-widget elementor-widget-button\" data-id=\"718e5540\" data-element_type=\"widget\" data-e-type=\"widget\" data-settings=\"{&quot;_animation&quot;:&quot;fadeIn&quot;,&quot;_animation_delay&quot;:500}\" data-widget_type=\"button.default\">\n\t\t\t\t\t\t\t\t\t\t<a class=\"elementor-button elementor-button-link elementor-size-sm\" href=\"https:\/\/iuristecnicproperty.com\/venda-dimmobles\/\">\n\t\t\t\t\t\t<span class=\"elementor-button-content-wrapper\">\n\t\t\t\t\t\t\t\t\t<span class=\"elementor-button-text\">Ver m\u00e1s<\/span>\n\t\t\t\t\t<\/span>\n\t\t\t\t\t<\/a>\n\t\t\t\t\t\t\t\t<\/div>\n\t\t\t\t<\/div>\n\t\t<div class=\"elementor-element elementor-element-104d961d e-con-full e-flex e-con e-child\" data-id=\"104d961d\" data-element_type=\"container\" data-e-type=\"container\" data-settings=\"{&quot;background_background&quot;:&quot;classic&quot;,&quot;motion_fx_motion_fx_scrolling&quot;:&quot;yes&quot;,&quot;motion_fx_translateX_effect&quot;:&quot;yes&quot;,&quot;motion_fx_translateX_speed&quot;:{&quot;unit&quot;:&quot;px&quot;,&quot;size&quot;:1,&quot;sizes&quot;:[]},&quot;motion_fx_translateX_affectedRange&quot;:{&quot;unit&quot;:&quot;%&quot;,&quot;size&quot;:&quot;&quot;,&quot;sizes&quot;:{&quot;start&quot;:0,&quot;end&quot;:50}},&quot;motion_fx_devices&quot;:[&quot;desktop&quot;,&quot;tablet&quot;,&quot;mobile&quot;]}\">\n\t\t\t\t<div class=\"elementor-element elementor-element-4e6f0e91 elementor-invisible elementor-widget elementor-widget-heading\" data-id=\"4e6f0e91\" data-element_type=\"widget\" data-e-type=\"widget\" data-settings=\"{&quot;_animation&quot;:&quot;fadeInDown&quot;,&quot;_animation_delay&quot;:600}\" data-widget_type=\"heading.default\">\n\t\t\t\t\t<h2 class=\"elementor-heading-title elementor-size-default\">CONSULTOR\u00cdA<\/h2>\t\t\t\t<\/div>\n\t\t\t\t<div class=\"elementor-element elementor-element-70164ed3 elementor-align-center elementor-invisible elementor-widget elementor-widget-button\" data-id=\"70164ed3\" data-element_type=\"widget\" data-e-type=\"widget\" data-settings=\"{&quot;_animation&quot;:&quot;fadeIn&quot;,&quot;_animation_delay&quot;:500}\" data-widget_type=\"button.default\">\n\t\t\t\t\t\t\t\t\t\t<a class=\"elementor-button elementor-button-link elementor-size-sm\" href=\"https:\/\/iuristecnicproperty.com\/consultoria\/\">\n\t\t\t\t\t\t<span class=\"elementor-button-content-wrapper\">\n\t\t\t\t\t\t\t\t\t<span class=\"elementor-button-text\">Ver m\u00e1s<\/span>\n\t\t\t\t\t<\/span>\n\t\t\t\t\t<\/a>\n\t\t\t\t\t\t\t\t<\/div>\n\t\t\t\t<\/div>\n\t\t\t\t\t<\/div>\n\t\t\t\t<\/div>\n\t\t<div class=\"elementor-element elementor-element-5cf6e192 e-flex e-con-boxed e-con e-parent\" data-id=\"5cf6e192\" data-element_type=\"container\" data-e-type=\"container\" data-settings=\"{&quot;background_background&quot;:&quot;gradient&quot;}\">\n\t\t\t\t\t<div class=\"e-con-inner\">\n\t\t\t\t<div class=\"elementor-element elementor-element-55b7047b elementor-invisible elementor-widget elementor-widget-heading\" data-id=\"55b7047b\" data-element_type=\"widget\" data-e-type=\"widget\" data-settings=\"{&quot;_animation&quot;:&quot;fadeInDown&quot;,&quot;_animation_delay&quot;:600}\" data-widget_type=\"heading.default\">\n\t\t\t\t\t<h2 class=\"elementor-heading-title elementor-size-default\">\u00bfAlguna consulta?<br>Contacte con nosotros<\/h2>\t\t\t\t<\/div>\n\t\t\t\t<div class=\"elementor-element elementor-element-b48deab elementor-align-center elementor-invisible elementor-widget elementor-widget-button\" data-id=\"b48deab\" data-element_type=\"widget\" data-e-type=\"widget\" data-settings=\"{&quot;_animation&quot;:&quot;fadeIn&quot;,&quot;_animation_delay&quot;:500}\" data-widget_type=\"button.default\">\n\t\t\t\t\t\t\t\t\t\t<a class=\"elementor-button elementor-button-link elementor-size-sm\" href=\"https:\/\/alexpatrimonios.com\/es\/contacto\/\">\n\t\t\t\t\t\t<span class=\"elementor-button-content-wrapper\">\n\t\t\t\t\t\t\t\t\t<span class=\"elementor-button-text\">Contacto<\/span>\n\t\t\t\t\t<\/span>\n\t\t\t\t\t<\/a>\n\t\t\t\t\t\t\t\t<\/div>\n\t\t\t\t\t<\/div>\n\t\t\t\t<\/div>\n\t\t\t\t<\/div>\n\t\t","protected":false},"excerpt":{"rendered":"<p>ALEX PATRIMONIO nos encargamos de gestionar sus inmuebles con compromiso, transparencia y confianza Conozca las ventajas de trabajar con nosotros Contacto ALEX PATRIMONIO nos encargamos de gestionar sus inmuebles con compromiso, transparencia y confianza Conozca las ventajas de trabajar con nosotros Contacto Sobre nosotros En Alex Patrimonio nos apasiona el mundo inmobiliario y nos mueve [&hellip;]<\/p>\n","protected":false},"author":1,"featured_media":194,"parent":0,"menu_order":0,"comment_status":"closed","ping_status":"closed","template":"elementor_header_footer","meta":{"footnotes":""},"class_list":["post-165","page","type-page","status-publish","has-post-thumbnail","hentry"],"yoast_head":"<!-- This site is optimized with the Yoast SEO plugin v27.4 - https:\/\/yoast.com\/product\/yoast-seo-wordpress\/ -->\n<title>Inicio - Alex Patrimonio<\/title>\n<meta name=\"robots\" content=\"index, follow, max-snippet:-1, max-image-preview:large, max-video-preview:-1\" \/>\n<link rel=\"canonical\" href=\"https:\/\/alexpatrimonios.com\/es\/inicio\/\" \/>\n<meta property=\"og:locale\" content=\"es_ES\" \/>\n<meta property=\"og:type\" content=\"article\" \/>\n<meta property=\"og:title\" content=\"Inicio - Alex Patrimonio\" \/>\n<meta property=\"og:description\" content=\"ALEX PATRIMONIO nos encargamos de gestionar sus inmuebles con compromiso, transparencia y confianza Conozca las ventajas de trabajar con nosotros Contacto ALEX PATRIMONIO nos encargamos de gestionar sus inmuebles con compromiso, transparencia y confianza Conozca las ventajas de trabajar con nosotros Contacto Sobre nosotros En Alex Patrimonio nos apasiona el mundo inmobiliario y nos mueve [&hellip;]\" \/>\n<meta property=\"og:url\" content=\"https:\/\/alexpatrimonios.com\/es\/inicio\/\" \/>\n<meta property=\"og:site_name\" content=\"Alex Patrimonio\" \/>\n<meta property=\"article:modified_time\" content=\"2026-02-27T09:05:10+00:00\" \/>\n<meta property=\"og:image\" content=\"https:\/\/alexpatrimonios.com\/wp-content\/uploads\/2026\/02\/cropped-freepik__design-a-minimalist-monogram-merging-letters-a-and__27091.png\" \/>\n\t<meta property=\"og:image:width\" content=\"512\" \/>\n\t<meta property=\"og:image:height\" content=\"512\" \/>\n\t<meta property=\"og:image:type\" content=\"image\/png\" \/>\n<meta name=\"twitter:card\" content=\"summary_large_image\" \/>\n<meta name=\"twitter:label1\" content=\"Tiempo de lectura\" \/>\n\t<meta name=\"twitter:data1\" content=\"1 minuto\" \/>\n<script type=\"application\/ld+json\" class=\"yoast-schema-graph\">{\"@context\":\"https:\\\/\\\/schema.org\",\"@graph\":[{\"@type\":\"WebPage\",\"@id\":\"https:\\\/\\\/alexpatrimonios.com\\\/es\\\/inicio\\\/\",\"url\":\"https:\\\/\\\/alexpatrimonios.com\\\/es\\\/inicio\\\/\",\"name\":\"Inicio - Alex Patrimonio\",\"isPartOf\":{\"@id\":\"https:\\\/\\\/alexpatrimonios.com\\\/#website\"},\"primaryImageOfPage\":{\"@id\":\"https:\\\/\\\/alexpatrimonios.com\\\/es\\\/inicio\\\/#primaryimage\"},\"image\":{\"@id\":\"https:\\\/\\\/alexpatrimonios.com\\\/es\\\/inicio\\\/#primaryimage\"},\"thumbnailUrl\":\"https:\\\/\\\/alexpatrimonios.com\\\/wp-content\\\/uploads\\\/2026\\\/02\\\/cropped-freepik__design-a-minimalist-monogram-merging-letters-a-and__27091.png\",\"datePublished\":\"2026-02-10T09:41:34+00:00\",\"dateModified\":\"2026-02-27T09:05:10+00:00\",\"breadcrumb\":{\"@id\":\"https:\\\/\\\/alexpatrimonios.com\\\/es\\\/inicio\\\/#breadcrumb\"},\"inLanguage\":\"es\",\"potentialAction\":[{\"@type\":\"ReadAction\",\"target\":[\"https:\\\/\\\/alexpatrimonios.com\\\/es\\\/inicio\\\/\"]}]},{\"@type\":\"ImageObject\",\"inLanguage\":\"es\",\"@id\":\"https:\\\/\\\/alexpatrimonios.com\\\/es\\\/inicio\\\/#primaryimage\",\"url\":\"https:\\\/\\\/alexpatrimonios.com\\\/wp-content\\\/uploads\\\/2026\\\/02\\\/cropped-freepik__design-a-minimalist-monogram-merging-letters-a-and__27091.png\",\"contentUrl\":\"https:\\\/\\\/alexpatrimonios.com\\\/wp-content\\\/uploads\\\/2026\\\/02\\\/cropped-freepik__design-a-minimalist-monogram-merging-letters-a-and__27091.png\",\"width\":512,\"height\":512,\"caption\":\"Logo alex patrimonio\"},{\"@type\":\"BreadcrumbList\",\"@id\":\"https:\\\/\\\/alexpatrimonios.com\\\/es\\\/inicio\\\/#breadcrumb\",\"itemListElement\":[{\"@type\":\"ListItem\",\"position\":1,\"name\":\"Inici\",\"item\":\"https:\\\/\\\/alexpatrimonios.com\\\/es\\\/inicio\\\/\"},{\"@type\":\"ListItem\",\"position\":2,\"name\":\"Inicio\"}]},{\"@type\":\"WebSite\",\"@id\":\"https:\\\/\\\/alexpatrimonios.com\\\/#website\",\"url\":\"https:\\\/\\\/alexpatrimonios.com\\\/\",\"name\":\"Alex Patrimonio\",\"description\":\"\",\"publisher\":{\"@id\":\"https:\\\/\\\/alexpatrimonios.com\\\/#organization\"},\"potentialAction\":[{\"@type\":\"SearchAction\",\"target\":{\"@type\":\"EntryPoint\",\"urlTemplate\":\"https:\\\/\\\/alexpatrimonios.com\\\/?s={search_term_string}\"},\"query-input\":{\"@type\":\"PropertyValueSpecification\",\"valueRequired\":true,\"valueName\":\"search_term_string\"}}],\"inLanguage\":\"es\"},{\"@type\":\"Organization\",\"@id\":\"https:\\\/\\\/alexpatrimonios.com\\\/#organization\",\"name\":\"Alex Patrimonio\",\"url\":\"https:\\\/\\\/alexpatrimonios.com\\\/\",\"logo\":{\"@type\":\"ImageObject\",\"inLanguage\":\"es\",\"@id\":\"https:\\\/\\\/alexpatrimonios.com\\\/#\\\/schema\\\/logo\\\/image\\\/\",\"url\":\"https:\\\/\\\/alexpatrimonios.com\\\/wp-content\\\/uploads\\\/2026\\\/02\\\/freepik__design-a-minimalist-monogram-merging-letters-a-and__27091.png\",\"contentUrl\":\"https:\\\/\\\/alexpatrimonios.com\\\/wp-content\\\/uploads\\\/2026\\\/02\\\/freepik__design-a-minimalist-monogram-merging-letters-a-and__27091.png\",\"width\":1408,\"height\":704,\"caption\":\"Alex Patrimonio\"},\"image\":{\"@id\":\"https:\\\/\\\/alexpatrimonios.com\\\/#\\\/schema\\\/logo\\\/image\\\/\"}}]}<\/script>\n<!-- \/ Yoast SEO plugin. -->","yoast_head_json":{"title":"Inicio - Alex Patrimonio","robots":{"index":"index","follow":"follow","max-snippet":"max-snippet:-1","max-image-preview":"max-image-preview:large","max-video-preview":"max-video-preview:-1"},"canonical":"https:\/\/alexpatrimonios.com\/es\/inicio\/","og_locale":"es_ES","og_type":"article","og_title":"Inicio - Alex Patrimonio","og_description":"ALEX PATRIMONIO nos encargamos de gestionar sus inmuebles con compromiso, transparencia y confianza Conozca las ventajas de trabajar con nosotros Contacto ALEX PATRIMONIO nos encargamos de gestionar sus inmuebles con compromiso, transparencia y confianza Conozca las ventajas de trabajar con nosotros Contacto Sobre nosotros En Alex Patrimonio nos apasiona el mundo inmobiliario y nos mueve [&hellip;]","og_url":"https:\/\/alexpatrimonios.com\/es\/inicio\/","og_site_name":"Alex Patrimonio","article_modified_time":"2026-02-27T09:05:10+00:00","og_image":[{"width":512,"height":512,"url":"https:\/\/alexpatrimonios.com\/wp-content\/uploads\/2026\/02\/cropped-freepik__design-a-minimalist-monogram-merging-letters-a-and__27091.png","type":"image\/png"}],"twitter_card":"summary_large_image","twitter_misc":{"Tiempo de lectura":"1 minuto"},"schema":{"@context":"https:\/\/schema.org","@graph":[{"@type":"WebPage","@id":"https:\/\/alexpatrimonios.com\/es\/inicio\/","url":"https:\/\/alexpatrimonios.com\/es\/inicio\/","name":"Inicio - Alex Patrimonio","isPartOf":{"@id":"https:\/\/alexpatrimonios.com\/#website"},"primaryImageOfPage":{"@id":"https:\/\/alexpatrimonios.com\/es\/inicio\/#primaryimage"},"image":{"@id":"https:\/\/alexpatrimonios.com\/es\/inicio\/#primaryimage"},"thumbnailUrl":"https:\/\/alexpatrimonios.com\/wp-content\/uploads\/2026\/02\/cropped-freepik__design-a-minimalist-monogram-merging-letters-a-and__27091.png","datePublished":"2026-02-10T09:41:34+00:00","dateModified":"2026-02-27T09:05:10+00:00","breadcrumb":{"@id":"https:\/\/alexpatrimonios.com\/es\/inicio\/#breadcrumb"},"inLanguage":"es","potentialAction":[{"@type":"ReadAction","target":["https:\/\/alexpatrimonios.com\/es\/inicio\/"]}]},{"@type":"ImageObject","inLanguage":"es","@id":"https:\/\/alexpatrimonios.com\/es\/inicio\/#primaryimage","url":"https:\/\/alexpatrimonios.com\/wp-content\/uploads\/2026\/02\/cropped-freepik__design-a-minimalist-monogram-merging-letters-a-and__27091.png","contentUrl":"https:\/\/alexpatrimonios.com\/wp-content\/uploads\/2026\/02\/cropped-freepik__design-a-minimalist-monogram-merging-letters-a-and__27091.png","width":512,"height":512,"caption":"Logo alex patrimonio"},{"@type":"BreadcrumbList","@id":"https:\/\/alexpatrimonios.com\/es\/inicio\/#breadcrumb","itemListElement":[{"@type":"ListItem","position":1,"name":"Inici","item":"https:\/\/alexpatrimonios.com\/es\/inicio\/"},{"@type":"ListItem","position":2,"name":"Inicio"}]},{"@type":"WebSite","@id":"https:\/\/alexpatrimonios.com\/#website","url":"https:\/\/alexpatrimonios.com\/","name":"Alex Patrimonio","description":"","publisher":{"@id":"https:\/\/alexpatrimonios.com\/#organization"},"potentialAction":[{"@type":"SearchAction","target":{"@type":"EntryPoint","urlTemplate":"https:\/\/alexpatrimonios.com\/?s={search_term_string}"},"query-input":{"@type":"PropertyValueSpecification","valueRequired":true,"valueName":"search_term_string"}}],"inLanguage":"es"},{"@type":"Organization","@id":"https:\/\/alexpatrimonios.com\/#organization","name":"Alex Patrimonio","url":"https:\/\/alexpatrimonios.com\/","logo":{"@type":"ImageObject","inLanguage":"es","@id":"https:\/\/alexpatrimonios.com\/#\/schema\/logo\/image\/","url":"https:\/\/alexpatrimonios.com\/wp-content\/uploads\/2026\/02\/freepik__design-a-minimalist-monogram-merging-letters-a-and__27091.png","contentUrl":"https:\/\/alexpatrimonios.com\/wp-content\/uploads\/2026\/02\/freepik__design-a-minimalist-monogram-merging-letters-a-and__27091.png","width":1408,"height":704,"caption":"Alex Patrimonio"},"image":{"@id":"https:\/\/alexpatrimonios.com\/#\/schema\/logo\/image\/"}}]}},"_links":{"self":[{"href":"https:\/\/alexpatrimonios.com\/es\/wp-json\/wp\/v2\/pages\/165","targetHints":{"allow":["GET"]}}],"collection":[{"href":"https:\/\/alexpatrimonios.com\/es\/wp-json\/wp\/v2\/pages"}],"about":[{"href":"https:\/\/alexpatrimonios.com\/es\/wp-json\/wp\/v2\/types\/page"}],"author":[{"embeddable":true,"href":"https:\/\/alexpatrimonios.com\/es\/wp-json\/wp\/v2\/users\/1"}],"replies":[{"embeddable":true,"href":"https:\/\/alexpatrimonios.com\/es\/wp-json\/wp\/v2\/comments?post=165"}],"version-history":[{"count":2,"href":"https:\/\/alexpatrimonios.com\/es\/wp-json\/wp\/v2\/pages\/165\/revisions"}],"predecessor-version":[{"id":200,"href":"https:\/\/alexpatrimonios.com\/es\/wp-json\/wp\/v2\/pages\/165\/revisions\/200"}],"wp:featuredmedia":[{"embeddable":true,"href":"https:\/\/alexpatrimonios.com\/es\/wp-json\/wp\/v2\/media\/194"}],"wp:attachment":[{"href":"https:\/\/alexpatrimonios.com\/es\/wp-json\/wp\/v2\/media?parent=165"}],"curies":[{"name":"wp","href":"https:\/\/api.w.org\/{rel}","templated":true}]}}