{"id":157,"date":"2026-02-10T12:48:28","date_gmt":"2026-02-10T11:48:28","guid":{"rendered":"https:\/\/alexpatrimonio.com\/alquiler-de-inmuebles\/"},"modified":"2026-02-27T10:05:38","modified_gmt":"2026-02-27T09:05:38","slug":"alquiler-de-inmuebles","status":"publish","type":"page","link":"https:\/\/alexpatrimonios.com\/es\/alquiler-de-inmuebles\/","title":{"rendered":"Alquiler de Inmuebles"},"content":{"rendered":"\t\t<div data-elementor-type=\"wp-page\" data-elementor-id=\"157\" class=\"elementor elementor-157 elementor-26\" data-elementor-post-type=\"page\">\n\t\t\t\t<div class=\"elementor-element elementor-element-2725c90a e-con-full e-flex e-con e-parent\" data-id=\"2725c90a\" data-element_type=\"container\" data-e-type=\"container\" data-settings=\"{&quot;background_background&quot;:&quot;gradient&quot;}\">\n\t\t\t\t<div class=\"elementor-element elementor-element-f9a84ca elementor-invisible elementor-widget elementor-widget-heading\" data-id=\"f9a84ca\" data-element_type=\"widget\" data-e-type=\"widget\" data-settings=\"{&quot;_animation&quot;:&quot;fadeInUp&quot;,&quot;_animation_delay&quot;:600}\" data-widget_type=\"heading.default\">\n\t\t\t\t\t<h1 class=\"elementor-heading-title elementor-size-default\">Alquiler de Inmuebles<\/h1>\t\t\t\t<\/div>\n\t\t\t\t<\/div>\n\t\t<div class=\"elementor-element elementor-element-65cb8f2e e-flex e-con-boxed e-con e-parent\" data-id=\"65cb8f2e\" data-element_type=\"container\" data-e-type=\"container\" data-settings=\"{&quot;background_background&quot;:&quot;classic&quot;}\">\n\t\t\t\t\t<div class=\"e-con-inner\">\n\t\t\t\t\t<\/div>\n\t\t\t\t<\/div>\n\t\t<div class=\"elementor-element elementor-element-a816afc e-con-full e-flex e-con e-parent\" data-id=\"a816afc\" data-element_type=\"container\" data-e-type=\"container\" data-settings=\"{&quot;background_background&quot;:&quot;classic&quot;}\">\n\t\t\t\t<div class=\"elementor-element elementor-element-1c94990f elementor-widget elementor-widget-heading\" data-id=\"1c94990f\" data-element_type=\"widget\" data-e-type=\"widget\" data-widget_type=\"heading.default\">\n\t\t\t\t\t<h2 class=\"elementor-heading-title elementor-size-default\">Encuentre su inmueble ideal<\/h2>\t\t\t\t<\/div>\n\t\t<div class=\"elementor-element elementor-element-421aa7e1 e-con-full e-flex e-con e-child\" data-id=\"421aa7e1\" data-element_type=\"container\" data-e-type=\"container\">\n\t\t\t\t<div class=\"elementor-element elementor-element-6f3a187f elementor-widget elementor-widget-text-editor\" data-id=\"6f3a187f\" data-element_type=\"widget\" data-e-type=\"widget\" data-widget_type=\"text-editor.default\">\n\t\t\t\t\t\t\t\t\t<p>Filtrar por<\/p>\t\t\t\t\t\t\t\t<\/div>\n\t\t\t\t<\/div>\n\t\t\t\t<div class=\"elementor-element elementor-element-320ff391 elementor-widget elementor-widget-jet-listing-grid\" data-id=\"320ff391\" data-element_type=\"widget\" data-e-type=\"widget\" data-settings=\"{&quot;columns&quot;:&quot;3&quot;,&quot;columns_tablet&quot;:&quot;1&quot;,&quot;columns_mobile&quot;:&quot;1&quot;}\" data-widget_type=\"jet-listing-grid.default\">\n\t\t\t\t\t<div class=\"jet-listing-grid jet-listing\"><div class=\"jet-listing-grid__items grid-col-desk-3 grid-col-tablet-1 grid-col-mobile-1 jet-listing-grid--67\" data-queried-id=\"157|WP_Post\" data-nav=\"{&quot;enabled&quot;:false,&quot;type&quot;:null,&quot;more_el&quot;:null,&quot;query&quot;:[],&quot;widget_settings&quot;:{&quot;lisitng_id&quot;:67,&quot;posts_num&quot;:3,&quot;columns&quot;:3,&quot;columns_tablet&quot;:1,&quot;columns_mobile&quot;:1,&quot;column_min_width&quot;:240,&quot;column_min_width_tablet&quot;:240,&quot;column_min_width_mobile&quot;:240,&quot;inline_columns_css&quot;:false,&quot;is_archive_template&quot;:&quot;&quot;,&quot;post_status&quot;:[&quot;publish&quot;],&quot;use_random_posts_num&quot;:&quot;&quot;,&quot;max_posts_num&quot;:9,&quot;not_found_message&quot;:&quot;No se encontraron datos&quot;,&quot;is_masonry&quot;:false,&quot;equal_columns_height&quot;:&quot;&quot;,&quot;use_load_more&quot;:&quot;&quot;,&quot;load_more_id&quot;:&quot;&quot;,&quot;load_more_type&quot;:&quot;click&quot;,&quot;load_more_offset&quot;:null,&quot;use_custom_post_types&quot;:&quot;&quot;,&quot;custom_post_types&quot;:[],&quot;hide_widget_if&quot;:&quot;&quot;,&quot;carousel_enabled&quot;:&quot;&quot;,&quot;slides_to_scroll&quot;:&quot;1&quot;,&quot;arrows&quot;:&quot;true&quot;,&quot;arrow_icon&quot;:&quot;fa fa-angle-left&quot;,&quot;dots&quot;:&quot;&quot;,&quot;autoplay&quot;:&quot;true&quot;,&quot;pause_on_hover&quot;:&quot;true&quot;,&quot;autoplay_speed&quot;:5000,&quot;infinite&quot;:&quot;true&quot;,&quot;center_mode&quot;:&quot;&quot;,&quot;effect&quot;:&quot;slide&quot;,&quot;speed&quot;:500,&quot;inject_alternative_items&quot;:&quot;&quot;,&quot;injection_items&quot;:[],&quot;scroll_slider_enabled&quot;:&quot;&quot;,&quot;scroll_slider_on&quot;:[&quot;desktop&quot;,&quot;tablet&quot;,&quot;mobile&quot;],&quot;custom_query&quot;:false,&quot;custom_query_id&quot;:&quot;&quot;,&quot;_element_id&quot;:&quot;&quot;,&quot;collapse_first_last_gap&quot;:false,&quot;list_tag_selection&quot;:&quot;&quot;,&quot;list_items_wrapper_tag&quot;:&quot;div&quot;,&quot;list_item_tag&quot;:&quot;div&quot;,&quot;empty_items_wrapper_tag&quot;:&quot;div&quot;}}\" data-page=\"1\" data-pages=\"1\" data-listing-source=\"posts\" data-listing-id=\"67\" data-query-id=\"\"><div class=\"jet-listing-grid__item jet-listing-dynamic-post-190\" data-post-id=\"190\"  ><style type=\"text\/css\">.jet-listing-dynamic-post-190 .elementor-element.elementor-element-2528c125:not(.elementor-motion-effects-element-type-background), .jet-listing-dynamic-post-190 .elementor-element.elementor-element-2528c125 > .elementor-motion-effects-container > .elementor-motion-effects-layer{background-image:url(\"https:\/\/alexpatrimonios.com\/wp-content\/uploads\/2026\/02\/4f238c4afb24a7f7c18b282f6bd0c09779216f9c-1.png\");}<\/style>\t\t<div data-elementor-type=\"jet-listing-items\" data-elementor-id=\"179\" class=\"elementor elementor-179 elementor-67 elementor-67\" data-elementor-post-type=\"jet-engine\">\n\t\t\t\t<div class=\"elementor-element elementor-element-1f71183e e-con-full e-flex e-con e-parent\" data-id=\"1f71183e\" data-element_type=\"container\" data-e-type=\"container\" data-settings=\"{&quot;background_background&quot;:&quot;classic&quot;}\">\n\t\t<div class=\"elementor-element elementor-element-2528c125 e-con-full e-flex e-con e-child\" data-id=\"2528c125\" data-element_type=\"container\" data-e-type=\"container\" data-settings=\"{&quot;background_background&quot;:&quot;classic&quot;}\">\n\t\t\t\t<\/div>\n\t\t<div class=\"elementor-element elementor-element-35d3db2a e-con-full e-flex e-con e-child\" data-id=\"35d3db2a\" data-element_type=\"container\" data-e-type=\"container\">\n\t\t\t\t<div class=\"elementor-element elementor-element-678d65d5 elementor-invisible elementor-widget elementor-widget-jet-listing-dynamic-field\" data-id=\"678d65d5\" data-element_type=\"widget\" data-e-type=\"widget\" data-settings=\"{&quot;_animation&quot;:&quot;fadeIn&quot;}\" data-widget_type=\"jet-listing-dynamic-field.default\">\n\t\t\t\t\t<div class=\"jet-listing jet-listing-dynamic-field display-inline\"><div class=\"jet-listing-dynamic-field__inline-wrap\"><h3 class=\"jet-listing-dynamic-field__content\" >Inmueble 3<\/h3><\/div><\/div>\t\t\t\t<\/div>\n\t\t\t\t<div class=\"elementor-element elementor-element-7f5475af elementor-align-left elementor-invisible elementor-widget elementor-widget-button\" data-id=\"7f5475af\" data-element_type=\"widget\" data-e-type=\"widget\" data-settings=\"{&quot;_animation&quot;:&quot;fadeIn&quot;,&quot;_animation_delay&quot;:500}\" data-widget_type=\"button.default\">\n\t\t\t\t\t\t\t\t\t\t<a class=\"elementor-button elementor-button-link elementor-size-sm\" href=\"https:\/\/alexpatrimonios.com\/es\/immobles\/inmueble-3\/\">\n\t\t\t\t\t\t<span class=\"elementor-button-content-wrapper\">\n\t\t\t\t\t\t\t\t\t<span class=\"elementor-button-text\">Ver m\u00e1s<\/span>\n\t\t\t\t\t<\/span>\n\t\t\t\t\t<\/a>\n\t\t\t\t\t\t\t\t<\/div>\n\t\t\t\t<\/div>\n\t\t\t\t<\/div>\n\t\t\t\t<\/div>\n\t\t<\/div><div class=\"jet-listing-grid__item jet-listing-dynamic-post-184\" data-post-id=\"184\"  ><style type=\"text\/css\">.jet-listing-dynamic-post-184 .elementor-element.elementor-element-2528c125:not(.elementor-motion-effects-element-type-background), .jet-listing-dynamic-post-184 .elementor-element.elementor-element-2528c125 > .elementor-motion-effects-container > .elementor-motion-effects-layer{background-image:url(\"https:\/\/alexpatrimonios.com\/wp-content\/uploads\/2026\/02\/f20df0d867c4f0c8006461ae50155eba48e8220d.jpg\");}<\/style>\t\t<div data-elementor-type=\"jet-listing-items\" data-elementor-id=\"179\" class=\"elementor elementor-179 elementor-67 elementor-67\" data-elementor-post-type=\"jet-engine\">\n\t\t\t\t<div class=\"elementor-element elementor-element-1f71183e e-con-full e-flex e-con e-parent\" data-id=\"1f71183e\" data-element_type=\"container\" data-e-type=\"container\" data-settings=\"{&quot;background_background&quot;:&quot;classic&quot;}\">\n\t\t<div class=\"elementor-element elementor-element-2528c125 e-con-full e-flex e-con e-child\" data-id=\"2528c125\" data-element_type=\"container\" data-e-type=\"container\" data-settings=\"{&quot;background_background&quot;:&quot;classic&quot;}\">\n\t\t\t\t<\/div>\n\t\t<div class=\"elementor-element elementor-element-35d3db2a e-con-full e-flex e-con e-child\" data-id=\"35d3db2a\" data-element_type=\"container\" data-e-type=\"container\">\n\t\t\t\t<div class=\"elementor-element elementor-element-678d65d5 elementor-invisible elementor-widget elementor-widget-jet-listing-dynamic-field\" data-id=\"678d65d5\" data-element_type=\"widget\" data-e-type=\"widget\" data-settings=\"{&quot;_animation&quot;:&quot;fadeIn&quot;}\" data-widget_type=\"jet-listing-dynamic-field.default\">\n\t\t\t\t\t<div class=\"jet-listing jet-listing-dynamic-field display-inline\"><div class=\"jet-listing-dynamic-field__inline-wrap\"><h3 class=\"jet-listing-dynamic-field__content\" >Inmueble 2<\/h3><\/div><\/div>\t\t\t\t<\/div>\n\t\t\t\t<div class=\"elementor-element elementor-element-7f5475af elementor-align-left elementor-invisible elementor-widget elementor-widget-button\" data-id=\"7f5475af\" data-element_type=\"widget\" data-e-type=\"widget\" data-settings=\"{&quot;_animation&quot;:&quot;fadeIn&quot;,&quot;_animation_delay&quot;:500}\" data-widget_type=\"button.default\">\n\t\t\t\t\t\t\t\t\t\t<a class=\"elementor-button elementor-button-link elementor-size-sm\" href=\"https:\/\/alexpatrimonios.com\/es\/immobles\/inmueble-2\/\">\n\t\t\t\t\t\t<span class=\"elementor-button-content-wrapper\">\n\t\t\t\t\t\t\t\t\t<span class=\"elementor-button-text\">Ver m\u00e1s<\/span>\n\t\t\t\t\t<\/span>\n\t\t\t\t\t<\/a>\n\t\t\t\t\t\t\t\t<\/div>\n\t\t\t\t<\/div>\n\t\t\t\t<\/div>\n\t\t\t\t<\/div>\n\t\t<\/div><div class=\"jet-listing-grid__item jet-listing-dynamic-post-177\" data-post-id=\"177\"  ><style type=\"text\/css\">.jet-listing-dynamic-post-177 .elementor-element.elementor-element-2528c125:not(.elementor-motion-effects-element-type-background), .jet-listing-dynamic-post-177 .elementor-element.elementor-element-2528c125 > .elementor-motion-effects-container > .elementor-motion-effects-layer{background-image:url(\"https:\/\/alexpatrimonios.com\/wp-content\/uploads\/2026\/02\/040b67d630d99d3b01e22f161146c6e13da3fa0c.png\");}<\/style>\t\t<div data-elementor-type=\"jet-listing-items\" data-elementor-id=\"179\" class=\"elementor elementor-179 elementor-67 elementor-67\" data-elementor-post-type=\"jet-engine\">\n\t\t\t\t<div class=\"elementor-element elementor-element-1f71183e e-con-full e-flex e-con e-parent\" data-id=\"1f71183e\" data-element_type=\"container\" data-e-type=\"container\" data-settings=\"{&quot;background_background&quot;:&quot;classic&quot;}\">\n\t\t<div class=\"elementor-element elementor-element-2528c125 e-con-full e-flex e-con e-child\" data-id=\"2528c125\" data-element_type=\"container\" data-e-type=\"container\" data-settings=\"{&quot;background_background&quot;:&quot;classic&quot;}\">\n\t\t\t\t<\/div>\n\t\t<div class=\"elementor-element elementor-element-35d3db2a e-con-full e-flex e-con e-child\" data-id=\"35d3db2a\" data-element_type=\"container\" data-e-type=\"container\">\n\t\t\t\t<div class=\"elementor-element elementor-element-678d65d5 elementor-invisible elementor-widget elementor-widget-jet-listing-dynamic-field\" data-id=\"678d65d5\" data-element_type=\"widget\" data-e-type=\"widget\" data-settings=\"{&quot;_animation&quot;:&quot;fadeIn&quot;}\" data-widget_type=\"jet-listing-dynamic-field.default\">\n\t\t\t\t\t<div class=\"jet-listing jet-listing-dynamic-field display-inline\"><div class=\"jet-listing-dynamic-field__inline-wrap\"><h3 class=\"jet-listing-dynamic-field__content\" >Inmueble 1<\/h3><\/div><\/div>\t\t\t\t<\/div>\n\t\t\t\t<div class=\"elementor-element elementor-element-7f5475af elementor-align-left elementor-invisible elementor-widget elementor-widget-button\" data-id=\"7f5475af\" data-element_type=\"widget\" data-e-type=\"widget\" data-settings=\"{&quot;_animation&quot;:&quot;fadeIn&quot;,&quot;_animation_delay&quot;:500}\" data-widget_type=\"button.default\">\n\t\t\t\t\t\t\t\t\t\t<a class=\"elementor-button elementor-button-link elementor-size-sm\" href=\"https:\/\/alexpatrimonios.com\/es\/immobles\/inmueble-1\/\">\n\t\t\t\t\t\t<span class=\"elementor-button-content-wrapper\">\n\t\t\t\t\t\t\t\t\t<span class=\"elementor-button-text\">Ver m\u00e1s<\/span>\n\t\t\t\t\t<\/span>\n\t\t\t\t\t<\/a>\n\t\t\t\t\t\t\t\t<\/div>\n\t\t\t\t<\/div>\n\t\t\t\t<\/div>\n\t\t\t\t<\/div>\n\t\t<\/div><\/div><\/div>\t\t\t\t<\/div>\n\t\t\t\t<\/div>\n\t\t<div class=\"elementor-element elementor-element-62b7ea35 e-flex e-con-boxed e-con e-parent\" data-id=\"62b7ea35\" data-element_type=\"container\" data-e-type=\"container\" data-settings=\"{&quot;background_background&quot;:&quot;gradient&quot;}\">\n\t\t\t\t\t<div class=\"e-con-inner\">\n\t\t\t\t<div class=\"elementor-element elementor-element-37641417 elementor-invisible elementor-widget elementor-widget-heading\" data-id=\"37641417\" data-element_type=\"widget\" data-e-type=\"widget\" data-settings=\"{&quot;_animation&quot;:&quot;fadeInDown&quot;,&quot;_animation_delay&quot;:600}\" data-widget_type=\"heading.default\">\n\t\t\t\t\t<h2 class=\"elementor-heading-title elementor-size-default\">\u00bfAlguna consulta?<br>Contacte con nosotros<\/h2>\t\t\t\t<\/div>\n\t\t\t\t<div class=\"elementor-element elementor-element-4b5e3973 elementor-align-center elementor-invisible elementor-widget elementor-widget-button\" data-id=\"4b5e3973\" data-element_type=\"widget\" data-e-type=\"widget\" data-settings=\"{&quot;_animation&quot;:&quot;fadeIn&quot;,&quot;_animation_delay&quot;:500}\" data-widget_type=\"button.default\">\n\t\t\t\t\t\t\t\t\t\t<a class=\"elementor-button elementor-button-link elementor-size-sm\" href=\"https:\/\/iuristecnicproperty.com\/contacte\/\">\n\t\t\t\t\t\t<span class=\"elementor-button-content-wrapper\">\n\t\t\t\t\t\t\t\t\t<span class=\"elementor-button-text\">Contacto<\/span>\n\t\t\t\t\t<\/span>\n\t\t\t\t\t<\/a>\n\t\t\t\t\t\t\t\t<\/div>\n\t\t\t\t\t<\/div>\n\t\t\t\t<\/div>\n\t\t\t\t<\/div>\n\t\t","protected":false},"excerpt":{"rendered":"<p>Alquiler de Inmuebles Encuentre su inmueble ideal Filtrar por Immoble 3 Veure&#8217;n m\u00e9s Immoble 2 Veure&#8217;n m\u00e9s Immoble 1 Veure&#8217;n m\u00e9s \u00bfAlguna consulta?Contacte con nosotros Contacto<\/p>\n","protected":false},"author":1,"featured_media":194,"parent":0,"menu_order":0,"comment_status":"closed","ping_status":"closed","template":"elementor_header_footer","meta":{"footnotes":""},"class_list":["post-157","page","type-page","status-publish","has-post-thumbnail","hentry"],"yoast_head":"<!-- This site is optimized with the Yoast SEO plugin v27.4 - https:\/\/yoast.com\/product\/yoast-seo-wordpress\/ -->\n<title>Alquiler de Inmuebles - Alex Patrimonio<\/title>\n<meta name=\"robots\" content=\"index, follow, max-snippet:-1, max-image-preview:large, max-video-preview:-1\" \/>\n<link rel=\"canonical\" href=\"https:\/\/alexpatrimonios.com\/es\/alquiler-de-inmuebles\/\" \/>\n<meta property=\"og:locale\" content=\"es_ES\" \/>\n<meta property=\"og:type\" content=\"article\" \/>\n<meta property=\"og:title\" content=\"Alquiler de Inmuebles - Alex Patrimonio\" \/>\n<meta property=\"og:description\" content=\"Alquiler de Inmuebles Encuentre su inmueble ideal Filtrar por Immoble 3 Veure&#8217;n m\u00e9s Immoble 2 Veure&#8217;n m\u00e9s Immoble 1 Veure&#8217;n m\u00e9s \u00bfAlguna consulta?Contacte con nosotros Contacto\" \/>\n<meta property=\"og:url\" content=\"https:\/\/alexpatrimonios.com\/es\/alquiler-de-inmuebles\/\" \/>\n<meta property=\"og:site_name\" content=\"Alex Patrimonio\" \/>\n<meta property=\"article:modified_time\" content=\"2026-02-27T09:05:38+00:00\" \/>\n<meta property=\"og:image\" content=\"https:\/\/alexpatrimonios.com\/wp-content\/uploads\/2026\/02\/cropped-freepik__design-a-minimalist-monogram-merging-letters-a-and__27091.png\" \/>\n\t<meta property=\"og:image:width\" content=\"512\" \/>\n\t<meta property=\"og:image:height\" content=\"512\" \/>\n\t<meta property=\"og:image:type\" content=\"image\/png\" \/>\n<meta name=\"twitter:card\" content=\"summary_large_image\" \/>\n<script type=\"application\/ld+json\" class=\"yoast-schema-graph\">{\"@context\":\"https:\\\/\\\/schema.org\",\"@graph\":[{\"@type\":\"WebPage\",\"@id\":\"https:\\\/\\\/alexpatrimonios.com\\\/es\\\/alquiler-de-inmuebles\\\/\",\"url\":\"https:\\\/\\\/alexpatrimonios.com\\\/es\\\/alquiler-de-inmuebles\\\/\",\"name\":\"Alquiler de Inmuebles - Alex Patrimonio\",\"isPartOf\":{\"@id\":\"https:\\\/\\\/alexpatrimonios.com\\\/#website\"},\"primaryImageOfPage\":{\"@id\":\"https:\\\/\\\/alexpatrimonios.com\\\/es\\\/alquiler-de-inmuebles\\\/#primaryimage\"},\"image\":{\"@id\":\"https:\\\/\\\/alexpatrimonios.com\\\/es\\\/alquiler-de-inmuebles\\\/#primaryimage\"},\"thumbnailUrl\":\"https:\\\/\\\/alexpatrimonios.com\\\/wp-content\\\/uploads\\\/2026\\\/02\\\/cropped-freepik__design-a-minimalist-monogram-merging-letters-a-and__27091.png\",\"datePublished\":\"2026-02-10T11:48:28+00:00\",\"dateModified\":\"2026-02-27T09:05:38+00:00\",\"breadcrumb\":{\"@id\":\"https:\\\/\\\/alexpatrimonios.com\\\/es\\\/alquiler-de-inmuebles\\\/#breadcrumb\"},\"inLanguage\":\"es\",\"potentialAction\":[{\"@type\":\"ReadAction\",\"target\":[\"https:\\\/\\\/alexpatrimonios.com\\\/es\\\/alquiler-de-inmuebles\\\/\"]}]},{\"@type\":\"ImageObject\",\"inLanguage\":\"es\",\"@id\":\"https:\\\/\\\/alexpatrimonios.com\\\/es\\\/alquiler-de-inmuebles\\\/#primaryimage\",\"url\":\"https:\\\/\\\/alexpatrimonios.com\\\/wp-content\\\/uploads\\\/2026\\\/02\\\/cropped-freepik__design-a-minimalist-monogram-merging-letters-a-and__27091.png\",\"contentUrl\":\"https:\\\/\\\/alexpatrimonios.com\\\/wp-content\\\/uploads\\\/2026\\\/02\\\/cropped-freepik__design-a-minimalist-monogram-merging-letters-a-and__27091.png\",\"width\":512,\"height\":512,\"caption\":\"Logo alex patrimonio\"},{\"@type\":\"BreadcrumbList\",\"@id\":\"https:\\\/\\\/alexpatrimonios.com\\\/es\\\/alquiler-de-inmuebles\\\/#breadcrumb\",\"itemListElement\":[{\"@type\":\"ListItem\",\"position\":1,\"name\":\"Inici\",\"item\":\"https:\\\/\\\/alexpatrimonios.com\\\/es\\\/inicio\\\/\"},{\"@type\":\"ListItem\",\"position\":2,\"name\":\"Alquiler de Inmuebles\"}]},{\"@type\":\"WebSite\",\"@id\":\"https:\\\/\\\/alexpatrimonios.com\\\/#website\",\"url\":\"https:\\\/\\\/alexpatrimonios.com\\\/\",\"name\":\"Alex Patrimonio\",\"description\":\"\",\"publisher\":{\"@id\":\"https:\\\/\\\/alexpatrimonios.com\\\/#organization\"},\"potentialAction\":[{\"@type\":\"SearchAction\",\"target\":{\"@type\":\"EntryPoint\",\"urlTemplate\":\"https:\\\/\\\/alexpatrimonios.com\\\/?s={search_term_string}\"},\"query-input\":{\"@type\":\"PropertyValueSpecification\",\"valueRequired\":true,\"valueName\":\"search_term_string\"}}],\"inLanguage\":\"es\"},{\"@type\":\"Organization\",\"@id\":\"https:\\\/\\\/alexpatrimonios.com\\\/#organization\",\"name\":\"Alex Patrimonio\",\"url\":\"https:\\\/\\\/alexpatrimonios.com\\\/\",\"logo\":{\"@type\":\"ImageObject\",\"inLanguage\":\"es\",\"@id\":\"https:\\\/\\\/alexpatrimonios.com\\\/#\\\/schema\\\/logo\\\/image\\\/\",\"url\":\"https:\\\/\\\/alexpatrimonios.com\\\/wp-content\\\/uploads\\\/2026\\\/02\\\/freepik__design-a-minimalist-monogram-merging-letters-a-and__27091.png\",\"contentUrl\":\"https:\\\/\\\/alexpatrimonios.com\\\/wp-content\\\/uploads\\\/2026\\\/02\\\/freepik__design-a-minimalist-monogram-merging-letters-a-and__27091.png\",\"width\":1408,\"height\":704,\"caption\":\"Alex Patrimonio\"},\"image\":{\"@id\":\"https:\\\/\\\/alexpatrimonios.com\\\/#\\\/schema\\\/logo\\\/image\\\/\"}}]}<\/script>\n<!-- \/ Yoast SEO plugin. -->","yoast_head_json":{"title":"Alquiler de Inmuebles - Alex Patrimonio","robots":{"index":"index","follow":"follow","max-snippet":"max-snippet:-1","max-image-preview":"max-image-preview:large","max-video-preview":"max-video-preview:-1"},"canonical":"https:\/\/alexpatrimonios.com\/es\/alquiler-de-inmuebles\/","og_locale":"es_ES","og_type":"article","og_title":"Alquiler de Inmuebles - Alex Patrimonio","og_description":"Alquiler de Inmuebles Encuentre su inmueble ideal Filtrar por Immoble 3 Veure&#8217;n m\u00e9s Immoble 2 Veure&#8217;n m\u00e9s Immoble 1 Veure&#8217;n m\u00e9s \u00bfAlguna consulta?Contacte con nosotros Contacto","og_url":"https:\/\/alexpatrimonios.com\/es\/alquiler-de-inmuebles\/","og_site_name":"Alex Patrimonio","article_modified_time":"2026-02-27T09:05:38+00:00","og_image":[{"width":512,"height":512,"url":"https:\/\/alexpatrimonios.com\/wp-content\/uploads\/2026\/02\/cropped-freepik__design-a-minimalist-monogram-merging-letters-a-and__27091.png","type":"image\/png"}],"twitter_card":"summary_large_image","schema":{"@context":"https:\/\/schema.org","@graph":[{"@type":"WebPage","@id":"https:\/\/alexpatrimonios.com\/es\/alquiler-de-inmuebles\/","url":"https:\/\/alexpatrimonios.com\/es\/alquiler-de-inmuebles\/","name":"Alquiler de Inmuebles - Alex Patrimonio","isPartOf":{"@id":"https:\/\/alexpatrimonios.com\/#website"},"primaryImageOfPage":{"@id":"https:\/\/alexpatrimonios.com\/es\/alquiler-de-inmuebles\/#primaryimage"},"image":{"@id":"https:\/\/alexpatrimonios.com\/es\/alquiler-de-inmuebles\/#primaryimage"},"thumbnailUrl":"https:\/\/alexpatrimonios.com\/wp-content\/uploads\/2026\/02\/cropped-freepik__design-a-minimalist-monogram-merging-letters-a-and__27091.png","datePublished":"2026-02-10T11:48:28+00:00","dateModified":"2026-02-27T09:05:38+00:00","breadcrumb":{"@id":"https:\/\/alexpatrimonios.com\/es\/alquiler-de-inmuebles\/#breadcrumb"},"inLanguage":"es","potentialAction":[{"@type":"ReadAction","target":["https:\/\/alexpatrimonios.com\/es\/alquiler-de-inmuebles\/"]}]},{"@type":"ImageObject","inLanguage":"es","@id":"https:\/\/alexpatrimonios.com\/es\/alquiler-de-inmuebles\/#primaryimage","url":"https:\/\/alexpatrimonios.com\/wp-content\/uploads\/2026\/02\/cropped-freepik__design-a-minimalist-monogram-merging-letters-a-and__27091.png","contentUrl":"https:\/\/alexpatrimonios.com\/wp-content\/uploads\/2026\/02\/cropped-freepik__design-a-minimalist-monogram-merging-letters-a-and__27091.png","width":512,"height":512,"caption":"Logo alex patrimonio"},{"@type":"BreadcrumbList","@id":"https:\/\/alexpatrimonios.com\/es\/alquiler-de-inmuebles\/#breadcrumb","itemListElement":[{"@type":"ListItem","position":1,"name":"Inici","item":"https:\/\/alexpatrimonios.com\/es\/inicio\/"},{"@type":"ListItem","position":2,"name":"Alquiler de Inmuebles"}]},{"@type":"WebSite","@id":"https:\/\/alexpatrimonios.com\/#website","url":"https:\/\/alexpatrimonios.com\/","name":"Alex Patrimonio","description":"","publisher":{"@id":"https:\/\/alexpatrimonios.com\/#organization"},"potentialAction":[{"@type":"SearchAction","target":{"@type":"EntryPoint","urlTemplate":"https:\/\/alexpatrimonios.com\/?s={search_term_string}"},"query-input":{"@type":"PropertyValueSpecification","valueRequired":true,"valueName":"search_term_string"}}],"inLanguage":"es"},{"@type":"Organization","@id":"https:\/\/alexpatrimonios.com\/#organization","name":"Alex Patrimonio","url":"https:\/\/alexpatrimonios.com\/","logo":{"@type":"ImageObject","inLanguage":"es","@id":"https:\/\/alexpatrimonios.com\/#\/schema\/logo\/image\/","url":"https:\/\/alexpatrimonios.com\/wp-content\/uploads\/2026\/02\/freepik__design-a-minimalist-monogram-merging-letters-a-and__27091.png","contentUrl":"https:\/\/alexpatrimonios.com\/wp-content\/uploads\/2026\/02\/freepik__design-a-minimalist-monogram-merging-letters-a-and__27091.png","width":1408,"height":704,"caption":"Alex Patrimonio"},"image":{"@id":"https:\/\/alexpatrimonios.com\/#\/schema\/logo\/image\/"}}]}},"_links":{"self":[{"href":"https:\/\/alexpatrimonios.com\/es\/wp-json\/wp\/v2\/pages\/157","targetHints":{"allow":["GET"]}}],"collection":[{"href":"https:\/\/alexpatrimonios.com\/es\/wp-json\/wp\/v2\/pages"}],"about":[{"href":"https:\/\/alexpatrimonios.com\/es\/wp-json\/wp\/v2\/types\/page"}],"author":[{"embeddable":true,"href":"https:\/\/alexpatrimonios.com\/es\/wp-json\/wp\/v2\/users\/1"}],"replies":[{"embeddable":true,"href":"https:\/\/alexpatrimonios.com\/es\/wp-json\/wp\/v2\/comments?post=157"}],"version-history":[{"count":3,"href":"https:\/\/alexpatrimonios.com\/es\/wp-json\/wp\/v2\/pages\/157\/revisions"}],"predecessor-version":[{"id":201,"href":"https:\/\/alexpatrimonios.com\/es\/wp-json\/wp\/v2\/pages\/157\/revisions\/201"}],"wp:featuredmedia":[{"embeddable":true,"href":"https:\/\/alexpatrimonios.com\/es\/wp-json\/wp\/v2\/media\/194"}],"wp:attachment":[{"href":"https:\/\/alexpatrimonios.com\/es\/wp-json\/wp\/v2\/media?parent=157"}],"curies":[{"name":"wp","href":"https:\/\/api.w.org\/{rel}","templated":true}]}}